{"id":70,"date":"2017-09-03T19:53:44","date_gmt":"2017-09-03T19:53:44","guid":{"rendered":"http:\/\/www.kaiserova.cz\/?page_id=70"},"modified":"2017-09-12T21:40:36","modified_gmt":"2017-09-12T21:40:36","slug":"ceny-poskytovane-pece","status":"publish","type":"page","link":"https:\/\/www.kaiserova.cz\/index.php\/ceny-poskytovane-pece\/","title":{"rendered":"Ceny poskytovan\u00e9 p\u00e9\u010de"},"content":{"rendered":"<p>Ceny jednotliv\u00fdch z\u00e1krok\u016f z\u00e1visej\u00ed na \u010dasov\u00e9 n\u00e1ro\u010dnosti, na pou\u017eit\u00fdch materi\u00e1lech a jejich mno\u017estv\u00ed. Obecn\u011b se ceny \u0159\u00edd\u00ed tzv. cenovou kalkulac\u00ed, kter\u00e1 zohled\u0148uje celou \u0159adu n\u00e1kladov\u00fdch slo\u017eek v\u010detn\u011b pou\u017e\u00edvan\u00fdch technologi\u00ed a vybaven\u00ed. Ceny jsou v\u017edy sd\u011bleny na po\u017e\u00e1d\u00e1n\u00ed, p\u0159\u00edpadn\u011b b\u011bhem konzultace o pl\u00e1novan\u00e9m postupu l\u00e9\u010dby.<\/p>\n<p>Poji\u0161t\u011bnc\u016fm smluvn\u00edch poji\u0161\u0165oven jsou n\u011bkter\u00e9 druhy stomatologick\u00e9 p\u00e9\u010de \u010d\u00e1ste\u010dn\u011b nebo pln\u011b hrazeny ze v\u0161eobecn\u00e9ho zdravotn\u00edho poji\u0161t\u011bn\u00ed. Z&nbsp;pohledu \u00fahrad je d\u016fle\u017eit\u00e9 rozd\u011blen\u00ed poskytovan\u00e9 p\u00e9\u010de na v\u00fdkony a v\u00fdrobky (protetick\u00e9 pr\u00e1ce).<\/p>\n<p><strong>V\u00fdkony se d\u011bl\u00ed na:<\/strong><\/p>\n<ul>\n<li>\u00a0standardn\u00ed p\u00e9\u010di, kterou pln\u011b hrad\u00ed poji\u0161\u0165ovna a pacient nedopl\u00e1c\u00ed (nap\u0159. dv\u011b preventivn\u00ed prohl\u00eddky ro\u010dn\u011b),<\/li>\n<li>nadstandardn\u00ed p\u00e9\u010di, kterou v&nbsp;pln\u00e9m rozsahu plat\u00ed pacient.<\/li>\n<\/ul>\n<p>P\u0159i zhotoven\u00ed v\u00fdrobku (protetick\u00e9 pr\u00e1ce) l\u00e9ka\u0159 spolupracuje se zubn\u00ed laborato\u0159\u00ed.<\/p>\n<p><strong>V\u00fdrobky se d\u011bl\u00ed na:<\/strong><\/p>\n<ul>\n<li>z\u00e1kladn\u00ed, kter\u00e9 jsou pln\u011b hrazen\u00e9 ze zdravotn\u00edho poji\u0161t\u011bn\u00ed (nap\u0159. celkov\u00e1 n\u00e1hrada jednou za t\u0159i roky nebo celokovov\u00e1 korunka z&nbsp;n\u00e1hradn\u00edho kovu st\u0159\u00edbrn\u00e9 barvy jednou za p\u011bt let na stejn\u00fd zub),<\/li>\n<li>\u010d\u00e1ste\u010dn\u011b hrazen\u00e9, na kter\u00e9 pacient dopl\u00e1c\u00ed rozd\u00edl mezi celkovou cenou a \u010d\u00e1stkou, kterou uhrad\u00ed poji\u0161\u0165ovna (nap\u0159. prysky\u0159ic\u00ed nebo keramikou fasetovan\u00e9 korunky, \u010d\u00e1ste\u010dn\u00e9 sn\u00edmateln\u00e9 n\u00e1hrady atd.),<\/li>\n<li>nehrazen\u00e9 ze zdravotn\u00edho poji\u0161t\u011bn\u00ed, kter\u00e9 pacient plat\u00ed v&nbsp;pln\u00e9 v\u00fd\u0161i.<\/li>\n<\/ul>\n","protected":false},"excerpt":{"rendered":"<p>Ceny jednotliv\u00fdch z\u00e1krok\u016f z\u00e1visej\u00ed na \u010dasov\u00e9 n\u00e1ro\u010dnosti, na pou\u017eit\u00fdch materi\u00e1lech a jejich mno\u017estv\u00ed. Obecn\u011b se ceny \u0159\u00edd\u00ed tzv. cenovou kalkulac\u00ed, kter\u00e1 zohled\u0148uje celou \u0159adu n\u00e1kladov\u00fdch slo\u017eek v\u010detn\u011b pou\u017e\u00edvan\u00fdch technologi\u00ed a vybaven\u00ed. Ceny jsou v\u017edy sd\u011bleny na po\u017e\u00e1d\u00e1n\u00ed, p\u0159\u00edpadn\u011b b\u011bhem konzultace o pl\u00e1novan\u00e9m postupu l\u00e9\u010dby. Poji\u0161t\u011bnc\u016fm smluvn\u00edch poji\u0161\u0165oven jsou n\u011bkter\u00e9 druhy stomatologick\u00e9 p\u00e9\u010de \u010d\u00e1ste\u010dn\u011b nebo pln\u011b &hellip; <\/p>\n<p class=\"link-more\"><a href=\"https:\/\/www.kaiserova.cz\/index.php\/ceny-poskytovane-pece\/\" class=\"more-link\">Pokra\u010dovat ve \u010dten\u00ed<span class=\"screen-reader-text\"> &#8222;Ceny poskytovan\u00e9 p\u00e9\u010de&#8220;<\/span><\/a><\/p>\n","protected":false},"author":2,"featured_media":101,"parent":0,"menu_order":0,"comment_status":"closed","ping_status":"closed","template":"","meta":{"footnotes":""},"class_list":["post-70","page","type-page","status-publish","has-post-thumbnail","hentry"],"_links":{"self":[{"href":"https:\/\/www.kaiserova.cz\/index.php\/wp-json\/wp\/v2\/pages\/70"}],"collection":[{"href":"https:\/\/www.kaiserova.cz\/index.php\/wp-json\/wp\/v2\/pages"}],"about":[{"href":"https:\/\/www.kaiserova.cz\/index.php\/wp-json\/wp\/v2\/types\/page"}],"author":[{"embeddable":true,"href":"https:\/\/www.kaiserova.cz\/index.php\/wp-json\/wp\/v2\/users\/2"}],"replies":[{"embeddable":true,"href":"https:\/\/www.kaiserova.cz\/index.php\/wp-json\/wp\/v2\/comments?post=70"}],"version-history":[{"count":1,"href":"https:\/\/www.kaiserova.cz\/index.php\/wp-json\/wp\/v2\/pages\/70\/revisions"}],"predecessor-version":[{"id":71,"href":"https:\/\/www.kaiserova.cz\/index.php\/wp-json\/wp\/v2\/pages\/70\/revisions\/71"}],"wp:featuredmedia":[{"embeddable":true,"href":"https:\/\/www.kaiserova.cz\/index.php\/wp-json\/wp\/v2\/media\/101"}],"wp:attachment":[{"href":"https:\/\/www.kaiserova.cz\/index.php\/wp-json\/wp\/v2\/media?parent=70"}],"curies":[{"name":"wp","href":"https:\/\/api.w.org\/{rel}","templated":true}]}}