{"id":66,"date":"2017-09-03T19:48:23","date_gmt":"2017-09-03T19:48:23","guid":{"rendered":"http:\/\/www.kaiserova.cz\/?page_id=66"},"modified":"2017-09-12T21:35:10","modified_gmt":"2017-09-12T21:35:10","slug":"vybaveni-ordinace","status":"publish","type":"page","link":"https:\/\/www.kaiserova.cz\/index.php\/vybaveni-ordinace\/","title":{"rendered":"Vybaven\u00ed ordinace"},"content":{"rendered":"<p><strong>Zubn\u00ed ordinace<\/strong><br \/>\nCel\u00e1 ordinace je za\u0159\u00edzena tak, abyste se c\u00edtili co nejp\u0159\u00edjemn\u011bji a zcela ztratili obavy z&nbsp;jej\u00ed n\u00e1v\u0161t\u011bvy.<\/p>\n<p><strong>Zubn\u00ed souprava<\/strong><br \/>\nZubn\u00ed k\u0159eslo italsk\u00e9 v\u00fdroby \u0161pi\u010dkov\u00e9 sv\u011btov\u00e9 kvality. Komfort p\u0159i o\u0161et\u0159en\u00ed V\u00e1s m\u016f\u017ee p\u0159esv\u011bd\u010dit o nadstandardn\u00ed p\u00e9\u010di.<\/p>\n<p><strong>Airflow a ultrazvuk<\/strong><br \/>\n\u010ci\u0161t\u011bn\u00ed a odstra\u0148ov\u00e1n\u00ed pigmentu proudem aerosolu s&nbsp;jemn\u00fdmi \u010d\u00e1sticemi abraziva. Ultrazvukov\u00e9 odstra\u0148ov\u00e1n\u00ed zubn\u00edho kamene<\/p>\n<p><strong>P\u0159\u00edprava materi\u00e1l\u016f<\/strong><br \/>\nV\u011bt\u0161ina materi\u00e1l\u016f (v\u00fdpl\u0148ov\u00e9, otiskovac\u00ed) se p\u0159ipravuje t\u011bsn\u011b p\u0159ed pou\u017eit\u00edm. Pro dosa\u017een\u00ed jejich nejlep\u0161\u00edch vlastnost\u00ed je velmi d\u016fle\u017eit\u00e9 zachov\u00e1n\u00ed p\u0159esn\u00fdch pom\u011br\u016f jednotliv\u00fdch slo\u017eek, dokonal\u00e9 prom\u00edch\u00e1n\u00ed, zamezen\u00ed kontaminace.<\/p>\n<p><strong>Laborato\u0159<\/strong><br \/>\nVe spolupr\u00e1ci s&nbsp;vynikaj\u00edc\u00ed zubn\u00ed laborato\u0159\u00ed pro V\u00e1s v&nbsp;kr\u00e1tk\u00fdch term\u00ednech zhotov\u00edm jakoukoliv standardn\u00ed i nadstandardn\u00ed protetickou pr\u00e1ci.<\/p>\n","protected":false},"excerpt":{"rendered":"<p>Zubn\u00ed ordinace Cel\u00e1 ordinace je za\u0159\u00edzena tak, abyste se c\u00edtili co nejp\u0159\u00edjemn\u011bji a zcela ztratili obavy z&nbsp;jej\u00ed n\u00e1v\u0161t\u011bvy. Zubn\u00ed souprava Zubn\u00ed k\u0159eslo italsk\u00e9 v\u00fdroby \u0161pi\u010dkov\u00e9 sv\u011btov\u00e9 kvality. Komfort p\u0159i o\u0161et\u0159en\u00ed V\u00e1s m\u016f\u017ee p\u0159esv\u011bd\u010dit o nadstandardn\u00ed p\u00e9\u010di. Airflow a ultrazvuk \u010ci\u0161t\u011bn\u00ed a odstra\u0148ov\u00e1n\u00ed pigmentu proudem aerosolu s&nbsp;jemn\u00fdmi \u010d\u00e1sticemi abraziva. Ultrazvukov\u00e9 odstra\u0148ov\u00e1n\u00ed zubn\u00edho kamene P\u0159\u00edprava materi\u00e1l\u016f V\u011bt\u0161ina &hellip; <\/p>\n<p class=\"link-more\"><a href=\"https:\/\/www.kaiserova.cz\/index.php\/vybaveni-ordinace\/\" class=\"more-link\">Pokra\u010dovat ve \u010dten\u00ed<span class=\"screen-reader-text\"> &#8222;Vybaven\u00ed ordinace&#8220;<\/span><\/a><\/p>\n","protected":false},"author":2,"featured_media":99,"parent":0,"menu_order":0,"comment_status":"closed","ping_status":"closed","template":"","meta":{"footnotes":""},"class_list":["post-66","page","type-page","status-publish","has-post-thumbnail","hentry"],"_links":{"self":[{"href":"https:\/\/www.kaiserova.cz\/index.php\/wp-json\/wp\/v2\/pages\/66"}],"collection":[{"href":"https:\/\/www.kaiserova.cz\/index.php\/wp-json\/wp\/v2\/pages"}],"about":[{"href":"https:\/\/www.kaiserova.cz\/index.php\/wp-json\/wp\/v2\/types\/page"}],"author":[{"embeddable":true,"href":"https:\/\/www.kaiserova.cz\/index.php\/wp-json\/wp\/v2\/users\/2"}],"replies":[{"embeddable":true,"href":"https:\/\/www.kaiserova.cz\/index.php\/wp-json\/wp\/v2\/comments?post=66"}],"version-history":[{"count":3,"href":"https:\/\/www.kaiserova.cz\/index.php\/wp-json\/wp\/v2\/pages\/66\/revisions"}],"predecessor-version":[{"id":69,"href":"https:\/\/www.kaiserova.cz\/index.php\/wp-json\/wp\/v2\/pages\/66\/revisions\/69"}],"wp:featuredmedia":[{"embeddable":true,"href":"https:\/\/www.kaiserova.cz\/index.php\/wp-json\/wp\/v2\/media\/99"}],"wp:attachment":[{"href":"https:\/\/www.kaiserova.cz\/index.php\/wp-json\/wp\/v2\/media?parent=66"}],"curies":[{"name":"wp","href":"https:\/\/api.w.org\/{rel}","templated":true}]}}