{"id":30,"date":"2017-09-03T16:13:40","date_gmt":"2017-09-03T16:13:40","guid":{"rendered":"http:\/\/www.kaiserova.cz\/?page_id=30"},"modified":"2017-09-12T21:36:34","modified_gmt":"2017-09-12T21:36:34","slug":"poskytovana_pece","status":"publish","type":"page","link":"https:\/\/www.kaiserova.cz\/index.php\/poskytovana_pece\/","title":{"rendered":"Poskytovan\u00e1 p\u00e9\u010de"},"content":{"rendered":"<ul>\n<li>Prevence a pravideln\u00e9 prohl\u00eddky<\/li>\n<li>Dent\u00e1ln\u00ed hygiena<\/li>\n<li>Kompozitn\u00ed estetick\u00e9 v\u00fdpln\u011b<\/li>\n<li>Zhotovuji estetick\u00e9 (b\u00edl\u00e9) v\u00fdpln\u011b z&nbsp;kompozitn\u00edch materi\u00e1l\u016f v&nbsp;barv\u011b zubu.<\/li>\n<li>Porcel\u00e1nov\u00e9 fasety<\/li>\n<li>Fasety zachov\u00e1vaj\u00ed V\u00e1\u0161 p\u0159irozen\u00fd zub bez v\u00fdrazn\u00e9 redukce. Jde o tenkou vrstvi\u010dku keramiky pokr\u00fdvaj\u00edc\u00ed p\u0159edn\u00ed plochu zubu.<\/li>\n<li>O\u0161et\u0159en\u00ed ko\u0159enov\u00fdch kan\u00e1lk\u016f<\/li>\n<li>Celokeramick\u00e9 korunky &#8211; m\u016fstky<\/li>\n<li>Kovokeramick\u00e9 korunky &#8211; m\u016fstky<\/li>\n<li>B\u011blen\u00ed zub\u016f<\/li>\n<li>Extrakce (vytr\u017een\u00ed) zub\u016f<\/li>\n<\/ul>\n<p>Ordinace je smluvn\u00edm partnerem: <strong>VZP<\/strong><\/p>\n","protected":false},"excerpt":{"rendered":"<p>Prevence a pravideln\u00e9 prohl\u00eddky Dent\u00e1ln\u00ed hygiena Kompozitn\u00ed estetick\u00e9 v\u00fdpln\u011b Zhotovuji estetick\u00e9 (b\u00edl\u00e9) v\u00fdpln\u011b z&nbsp;kompozitn\u00edch materi\u00e1l\u016f v&nbsp;barv\u011b zubu. Porcel\u00e1nov\u00e9 fasety Fasety zachov\u00e1vaj\u00ed V\u00e1\u0161 p\u0159irozen\u00fd zub bez v\u00fdrazn\u00e9 redukce. Jde o tenkou vrstvi\u010dku keramiky pokr\u00fdvaj\u00edc\u00ed p\u0159edn\u00ed plochu zubu. O\u0161et\u0159en\u00ed ko\u0159enov\u00fdch kan\u00e1lk\u016f Celokeramick\u00e9 korunky &#8211; m\u016fstky Kovokeramick\u00e9 korunky &#8211; m\u016fstky B\u011blen\u00ed zub\u016f Extrakce (vytr\u017een\u00ed) zub\u016f Ordinace je smluvn\u00edm &hellip; <\/p>\n<p class=\"link-more\"><a href=\"https:\/\/www.kaiserova.cz\/index.php\/poskytovana_pece\/\" class=\"more-link\">Pokra\u010dovat ve \u010dten\u00ed<span class=\"screen-reader-text\"> &#8222;Poskytovan\u00e1 p\u00e9\u010de&#8220;<\/span><\/a><\/p>\n","protected":false},"author":2,"featured_media":100,"parent":0,"menu_order":0,"comment_status":"closed","ping_status":"closed","template":"","meta":{"footnotes":""},"class_list":["post-30","page","type-page","status-publish","has-post-thumbnail","hentry"],"_links":{"self":[{"href":"https:\/\/www.kaiserova.cz\/index.php\/wp-json\/wp\/v2\/pages\/30"}],"collection":[{"href":"https:\/\/www.kaiserova.cz\/index.php\/wp-json\/wp\/v2\/pages"}],"about":[{"href":"https:\/\/www.kaiserova.cz\/index.php\/wp-json\/wp\/v2\/types\/page"}],"author":[{"embeddable":true,"href":"https:\/\/www.kaiserova.cz\/index.php\/wp-json\/wp\/v2\/users\/2"}],"replies":[{"embeddable":true,"href":"https:\/\/www.kaiserova.cz\/index.php\/wp-json\/wp\/v2\/comments?post=30"}],"version-history":[{"count":3,"href":"https:\/\/www.kaiserova.cz\/index.php\/wp-json\/wp\/v2\/pages\/30\/revisions"}],"predecessor-version":[{"id":60,"href":"https:\/\/www.kaiserova.cz\/index.php\/wp-json\/wp\/v2\/pages\/30\/revisions\/60"}],"wp:featuredmedia":[{"embeddable":true,"href":"https:\/\/www.kaiserova.cz\/index.php\/wp-json\/wp\/v2\/media\/100"}],"wp:attachment":[{"href":"https:\/\/www.kaiserova.cz\/index.php\/wp-json\/wp\/v2\/media?parent=30"}],"curies":[{"name":"wp","href":"https:\/\/api.w.org\/{rel}","templated":true}]}}