{"id":28,"date":"2017-09-03T16:13:40","date_gmt":"2017-09-03T16:13:40","guid":{"rendered":"http:\/\/www.kaiserova.cz\/?page_id=28"},"modified":"2026-03-06T10:29:11","modified_gmt":"2026-03-06T10:29:11","slug":"kontakt","status":"publish","type":"page","link":"https:\/\/www.kaiserova.cz\/index.php\/kontakt\/","title":{"rendered":"Aktuality"},"content":{"rendered":"\n<p>Nov\u00e9 pacienty <strong>NEP\u0158IJ\u00cdM\u00c1ME<\/strong>. <\/p>\n\n\n\n<p class=\"has-vivid-cyan-blue-color has-text-color has-medium-font-size\">Dovolen\u00e1 \/ Holiday<\/p>\n\n\n\n<p class=\"has-very-light-gray-color has-text-color has-normal-font-size\">NEORDINUJEME <strong>02.03.&nbsp;2026 <\/strong>a\u017e<strong> 26.04.2026<\/strong><br><br>Ve\u0161ker\u00e9 term\u00edny v&nbsp;t\u00e9to dob\u011b se ru\u0161\u00ed. O nov\u00e9 term\u00edny si pros\u00edm volejte od 27.04.2026. D\u011bkujeme za pochopen\u00ed a t\u011b\u0161\u00edme na V\u00e1s na za\u010d\u00e1tku kv\u011btna. V&nbsp;p\u0159\u00edpad\u011b komplikac\u00ed \u010di akutn\u00ed bolesti n\u00e1m volejte na tel.\u010d. +420&nbsp;722&nbsp;965&nbsp;960. <strong><br><\/strong><\/p>\n\n\n\n<p>\ud83e\uddb7<\/p>\n\n\n\n<p><\/p>\n\n\n\n<h3 class=\"wp-block-heading has-normal-font-size\"><strong>Z\u00e1stup<\/strong><br><br><br><strong>Zubn\u00ed ordinace 5P s.r.o<\/strong>.<br>\u0160tef\u00e1nikova 535\/48, Hradec Kr\u00e1lov\u00e9&nbsp; 11<br>po telefonick\u00e9 domluv\u011b mezi 8.00 a 9.00 <br>tel. 739&nbsp;316&nbsp;699 <br>web: <a href=\"http:\/\/www.ordinace5p.cz\/kontakt\/\">http:\/\/www.ordinace5p.cz\/kontakt\/<\/a><\/h3>\n\n\n\n<h2 class=\"wp-block-heading has-light-green-cyan-color has-text-color\">Substitute doctor<\/h2>\n\n\n\n<p><strong>Zubn\u00ed ordinace 5P s.r.o<\/strong>. <br>\u0160tef\u00e1nikova 535\/48, Hradec Kr\u00e1lov\u00e9&nbsp; 11<br>Please call ONLY in the morning hours. <br>tel. 739&nbsp;316&nbsp;699 <br>website: <a href=\"http:\/\/www.ordinace5p.cz\/kontakt\/\">http:\/\/www.ordinace5p.cz\/kontakt\/<\/a><\/p>\n\n\n\n<h2 class=\"wp-block-heading has-luminous-vivid-amber-color has-text-color\"><strong>UPOZORN\u011aN\u00cd PRO PACIENTY<\/strong><\/h2>\n\n\n\n<p>V&nbsp;p\u0159\u00edpad\u011b nachlazen\u00ed, r\u00fdmy, ka\u0161le, zv\u00fd\u0161en\u00e9 teploty, ch\u0159ipky, bolesti v&nbsp;krku, ang\u00edny, oparu a dal\u0161\u00edch infek\u010dn\u00edch onemocn\u011bn\u00ed pacienti <strong>NEBUDOU O\u0160ET\u0158ENI. <\/strong><br><br><strong>Pros\u00edme, telefonicky se p\u0159eobjednejte. <\/strong><br>M\u011bjte pros\u00edm ohled na na\u0161e zdrav\u00ed a zdrav\u00ed ostatn\u00edch pacient\u016f. <\/p>\n\n\n\n<h2 class=\"wp-block-heading has-luminous-vivid-amber-color has-text-color\"><strong>WARNING FOR PATIENTS <\/strong><\/h2>\n\n\n\n<p>In case that you have cold, flu, cough, fever,  sore throat,  herpes or other infectious disease you <strong>won\u2019t be treated. <\/strong>\ud83e\udd76\ud83e\udd27\ud83e\udd12\ud83d\ude37<br><br><strong>Please, write an email or call us for another appointment. <\/strong>\ud83d\udce7<br><br>Thank you! \ud83d\udc69\ud83c\udffc\u200d\u2695\ufe0f\ud83e\uddb7<\/p>\n\n\n<hr \/>\n<p><span style=\"font-size: 1rem;\">Term\u00edn o\u0161et\u0159en\u00ed v&nbsp;ordinaci MUDr. L. Kaiserov\u00e9 je t\u0159eba dohodnout telefonicky nebo e-mailem.<\/span><\/p>\n<p>Telefon: +420&nbsp;495&nbsp;755&nbsp;840<br \/>Mobil:\u00a0 \u00a0 \u00a0+420&nbsp;722&nbsp;965&nbsp;960 &#8230;..<span style=\"color: #ff0000;\"> tel.\u010d. 731&nbsp;472&nbsp;670 si pros\u00edm sma\u017ete, je nefunk\u010dn\u00ed.\u00a0<\/span><\/p>\n<p>e-mail: luisa.kaiserova@seznam.cz<\/p>\n\n\n<p><\/p>\n","protected":false},"excerpt":{"rendered":"<p>Nov\u00e9 pacienty NEP\u0158IJ\u00cdM\u00c1ME. Dovolen\u00e1 \/ Holiday NEORDINUJEME 02.03.&nbsp;2026 a\u017e 26.04.2026 Ve\u0161ker\u00e9 term\u00edny v&nbsp;t\u00e9to dob\u011b se ru\u0161\u00ed. O nov\u00e9 term\u00edny si pros\u00edm volejte od 27.04.2026. D\u011bkujeme za pochopen\u00ed a t\u011b\u0161\u00edme na V\u00e1s na za\u010d\u00e1tku kv\u011btna. V&nbsp;p\u0159\u00edpad\u011b komplikac\u00ed \u010di akutn\u00ed bolesti n\u00e1m volejte na tel.\u010d. +420&nbsp;722&nbsp;965&nbsp;960. \ud83e\uddb7 Z\u00e1stup Zubn\u00ed ordinace 5P s.r.o.\u0160tef\u00e1nikova 535\/48, Hradec Kr\u00e1lov\u00e9&nbsp; 11po telefonick\u00e9 &hellip; <\/p>\n<p class=\"link-more\"><a href=\"https:\/\/www.kaiserova.cz\/index.php\/kontakt\/\" class=\"more-link\">Pokra\u010dovat ve \u010dten\u00ed<span class=\"screen-reader-text\"> &#8222;Aktuality&#8220;<\/span><\/a><\/p>\n","protected":false},"author":1,"featured_media":108,"parent":0,"menu_order":0,"comment_status":"closed","ping_status":"closed","template":"","meta":{"footnotes":""},"class_list":["post-28","page","type-page","status-publish","has-post-thumbnail","hentry"],"_links":{"self":[{"href":"https:\/\/www.kaiserova.cz\/index.php\/wp-json\/wp\/v2\/pages\/28"}],"collection":[{"href":"https:\/\/www.kaiserova.cz\/index.php\/wp-json\/wp\/v2\/pages"}],"about":[{"href":"https:\/\/www.kaiserova.cz\/index.php\/wp-json\/wp\/v2\/types\/page"}],"author":[{"embeddable":true,"href":"https:\/\/www.kaiserova.cz\/index.php\/wp-json\/wp\/v2\/users\/1"}],"replies":[{"embeddable":true,"href":"https:\/\/www.kaiserova.cz\/index.php\/wp-json\/wp\/v2\/comments?post=28"}],"version-history":[{"count":132,"href":"https:\/\/www.kaiserova.cz\/index.php\/wp-json\/wp\/v2\/pages\/28\/revisions"}],"predecessor-version":[{"id":323,"href":"https:\/\/www.kaiserova.cz\/index.php\/wp-json\/wp\/v2\/pages\/28\/revisions\/323"}],"wp:featuredmedia":[{"embeddable":true,"href":"https:\/\/www.kaiserova.cz\/index.php\/wp-json\/wp\/v2\/media\/108"}],"wp:attachment":[{"href":"https:\/\/www.kaiserova.cz\/index.php\/wp-json\/wp\/v2\/media?parent=28"}],"curies":[{"name":"wp","href":"https:\/\/api.w.org\/{rel}","templated":true}]}}