{"id":26,"date":"2017-09-03T16:13:40","date_gmt":"2017-09-03T16:13:40","guid":{"rendered":"http:\/\/www.kaiserova.cz\/?page_id=26"},"modified":"2018-01-11T07:28:40","modified_gmt":"2018-01-11T07:28:40","slug":"home","status":"publish","type":"page","link":"https:\/\/www.kaiserova.cz\/","title":{"rendered":"MUDr. Luisa Kaiserov\u00e1"},"content":{"rendered":"<p>&nbsp;<\/p>\n<p>Praktikuji stomatologickou praxi v&nbsp;ordinaci od roku 1990. Prost\u0159ednictv\u00edm nejnov\u011bj\u0161\u00edch postup\u016f modern\u00ed stomatologie V\u00e1m poskytnu tu nejlep\u0161\u00ed p\u00e9\u010di<br \/>\nv&nbsp;oblasti estetick\u00e9, z\u00e1chovn\u00e9, preventivn\u00ed a d\u011btsk\u00e9 stomatologie, ortodoncie<br \/>\na implantologie.<\/p>\n","protected":false},"excerpt":{"rendered":"<p>&nbsp; Praktikuji stomatologickou praxi v&nbsp;ordinaci od roku 1990. Prost\u0159ednictv\u00edm nejnov\u011bj\u0161\u00edch postup\u016f modern\u00ed stomatologie V\u00e1m poskytnu tu nejlep\u0161\u00ed p\u00e9\u010di v&nbsp;oblasti estetick\u00e9, z\u00e1chovn\u00e9, preventivn\u00ed a d\u011btsk\u00e9 stomatologie, ortodoncie a implantologie.<\/p>\n","protected":false},"author":2,"featured_media":0,"parent":0,"menu_order":0,"comment_status":"closed","ping_status":"closed","template":"","meta":{"footnotes":""},"class_list":["post-26","page","type-page","status-publish","hentry"],"_links":{"self":[{"href":"https:\/\/www.kaiserova.cz\/index.php\/wp-json\/wp\/v2\/pages\/26"}],"collection":[{"href":"https:\/\/www.kaiserova.cz\/index.php\/wp-json\/wp\/v2\/pages"}],"about":[{"href":"https:\/\/www.kaiserova.cz\/index.php\/wp-json\/wp\/v2\/types\/page"}],"author":[{"embeddable":true,"href":"https:\/\/www.kaiserova.cz\/index.php\/wp-json\/wp\/v2\/users\/2"}],"replies":[{"embeddable":true,"href":"https:\/\/www.kaiserova.cz\/index.php\/wp-json\/wp\/v2\/comments?post=26"}],"version-history":[{"count":8,"href":"https:\/\/www.kaiserova.cz\/index.php\/wp-json\/wp\/v2\/pages\/26\/revisions"}],"predecessor-version":[{"id":122,"href":"https:\/\/www.kaiserova.cz\/index.php\/wp-json\/wp\/v2\/pages\/26\/revisions\/122"}],"wp:attachment":[{"href":"https:\/\/www.kaiserova.cz\/index.php\/wp-json\/wp\/v2\/media?parent=26"}],"curies":[{"name":"wp","href":"https:\/\/api.w.org\/{rel}","templated":true}]}}